{"id":2908,"date":"2025-01-13T13:12:18","date_gmt":"2025-01-13T12:12:18","guid":{"rendered":"https:\/\/nykiel-kanzlei.de\/?post_type=product&#038;p=2908"},"modified":"2026-04-14T13:39:37","modified_gmt":"2026-04-14T11:39:37","slug":"delegowanie-pracownikow-do-niemiec","status":"publish","type":"product","link":"https:\/\/nykiel-kanzlei.de\/en\/product\/delegowanie-pracownikow-do-niemiec\/","title":{"rendered":"Delegowanie Pracownik\u00f3w do Niemiec 2026 \u2013 praktyczny przewodnik"},"content":{"rendered":"<p><b>Co znajdziesz w \u015brodku?<\/b><\/p>\n<p><span style=\"font-weight: 400;\">\u2705 <\/span><b>Procedury krok po kroku<\/b><\/p>\n<ul>\n<li style=\"font-weight: 400;\" aria-level=\"1\"><span style=\"font-weight: 400;\">Jak stworzy\u0107 poprawne aneksy do um\u00f3w o prac\u0119?<\/span><\/li>\n<li style=\"font-weight: 400;\" aria-level=\"1\"><span style=\"font-weight: 400;\">Rejestracja w niemieckim Urz\u0119dzie Celnym i SOKA-BAU.<\/span><\/li>\n<li style=\"font-weight: 400;\" aria-level=\"1\"><span style=\"font-weight: 400;\">Jak uzyska\u0107 za\u015bwiadczenie A1?<\/span><\/li>\n<\/ul>\n<p><span style=\"font-weight: 400;\">\u2705 <\/span><b>Najwa\u017cniejsze przepisy prawne<\/b><\/p>\n<ul>\n<li style=\"font-weight: 400;\" aria-level=\"1\"><span style=\"font-weight: 400;\">Jak rozr\u00f3\u017cni\u0107 podr\u00f3\u017c s\u0142u\u017cbow\u0105 od delegowania?<\/span><\/li>\n<li style=\"font-weight: 400;\" aria-level=\"1\"><span style=\"font-weight: 400;\">Kiedy powstaje zak\u0142ad podatkowy w Niemczech?<\/span><\/li>\n<li style=\"font-weight: 400;\" aria-level=\"1\"><span style=\"font-weight: 400;\">Jakie obowi\u0105zki prawne spoczywaj\u0105 na polskim pracodawcy na niemieckim rynku pracy?<\/span><\/li>\n<\/ul>\n<p><span style=\"font-weight: 400;\">\u2705 <\/span><b>Praktyczne narz\u0119dzia i materia\u0142y:<\/b><\/p>\n<ul>\n<li style=\"font-weight: 400;\" aria-level=\"1\"><b>Wzory dokument\u00f3w<\/b><span style=\"font-weight: 400;\"> w j\u0119zyku polskim i niemieckim (aneksy do um\u00f3w).<\/span><\/li>\n<li style=\"font-weight: 400;\" aria-level=\"1\"><b>Checklista obowi\u0105zk\u00f3w<\/b><span style=\"font-weight: 400;\"> przed wyjazdem pracownik\u00f3w, kt\u00f3ra pozwoli unikn\u0105\u0107 kosztownych b\u0142\u0119d\u00f3w.<\/span><\/li>\n<li style=\"font-weight: 400;\" aria-level=\"1\"><b>Tabela p\u0142ac minimalnych<\/b><span style=\"font-weight: 400;\"> w Niemczech (2026) dla r\u00f3\u017cnych bran\u017c.<\/span><\/li>\n<li style=\"font-weight: 400;\" aria-level=\"1\"><b>Delegowanie pracownik\u00f3w spoza UE:<\/b><span style=\"font-weight: 400;\"> Jak legalnie dzia\u0142a\u0107 bez wizy Vander Elst?<\/span><\/li>\n<\/ul>\n<p><span style=\"font-weight: 400;\">\u2705 <\/span><b>Specjalne poradniki krok po kroku:<\/b><\/p>\n<ul>\n<li style=\"font-weight: 400;\" aria-level=\"1\"><span style=\"font-weight: 400;\">Rejestracja w SOKA-BAU i niemieckim Urz\u0119dzie Celnym.<\/span><\/li>\n<li style=\"font-weight: 400;\" aria-level=\"1\"><span style=\"font-weight: 400;\">Jakie dokumenty przygotowa\u0107 do kontroli Zollamtu?<\/span><\/li>\n<\/ul>\n<p><a href=\"#add-basket\"><b>KUP TERAZ<\/b><\/a><\/p>\n<p><b>Dlaczego warto zainwestowa\u0107 w ten e-book?<\/b><\/p>\n<p><b><span style=\"font-weight: 400;\">\u2705 <\/span>Aktualne przepisy:<\/b><span style=\"font-weight: 400;\"> Zawiera najnowsze regulacje niemieckiego prawa obowi\u0105zuj\u0105ce w latach 2025-2026.<\/span><span style=\"font-weight: 400;\"><br \/>\n<\/span><b><span style=\"font-weight: 400;\">\u2705 <\/span>Praktyczno\u015b\u0107:<\/b><span style=\"font-weight: 400;\"> To nie jest teoria \u2013 dostajesz gotowe wzory dokument\u00f3w i szczeg\u00f3\u0142owe instrukcje.<\/span><span style=\"font-weight: 400;\"><br \/>\n<\/span><b><span style=\"font-weight: 400;\">\u2705 <\/span>Warto\u015b\u0107:<\/b><span style=\"font-weight: 400;\"> Warto\u015b\u0107 wszystkich materia\u0142\u00f3w zawartych w e-booku to <\/span><b>ponad 1000 \u20ac<\/b><span style=\"font-weight: 400;\">, a Ty mo\u017cesz go kupi\u0107 za u\u0142amek tej ceny!<\/span><\/p>\n<p><b>Cena przedsprzeda\u017cy:<\/b> <b>349 \u20ac brutto<\/b><b><br \/>\n<\/b><b>Cena regularna:<\/b> <b>449 \u20ac brutto<\/b><\/p>\n<p>\ud83d\udca1 Dla przedsi\u0119biorc\u00f3w:<\/p>\n<p>Wydatek na checklist\u0119 mo\u017ce stanowi\u0107 koszt uzyskania przychodu (w zale\u017cno\u015bci od indywidualnej sytuacji), co oznacza, \u017ce realny koszt zakupu mo\u017ce by\u0107 jeszcze ni\u017cszy.<\/p>\n<p><b>Co m\u00f3wi\u0105 klienci, kt\u00f3rzy czekali na ten e-book?<\/b><\/p>\n<p><i><span style=\"font-weight: 400;\">\u201eTo niezb\u0119dnik dla ka\u017cdego przedsi\u0119biorcy, kt\u00f3ry planuje projekty w Niemczech. Dzi\u0119ki niemu unikn\u0105\u0142em b\u0142\u0119d\u00f3w podczas kontroli Zollamtu!\u201d<\/span><\/i><span style=\"font-weight: 400;\"> \u2013 Jan K., w\u0142a\u015bciciel firmy budowlanej.<\/span><\/p>\n<p><i><span style=\"font-weight: 400;\">\u201eKrok po kroku, jasno i na temat. Dzi\u0119ki gotowym wzorom dokument\u00f3w zaoszcz\u0119dzi\u0142am dziesi\u0105tki godzin pracy!\u201d<\/span><\/i><span style=\"font-weight: 400;\"> \u2013 Katarzyna W., specjalistka ds. HR.<\/span><\/p>\n<p><i><span style=\"font-weight: 400;\">\u201eTen rozdzia\u0142 o delegowaniu pracownik\u00f3w z kraj\u00f3w trzecich by\u0142 dla mnie wybawieniem. Dzi\u0119ki e-bookowi wiem, jak legalnie prowadzi\u0107 dzia\u0142alno\u015b\u0107 w Niemczech.\u201d<\/span><\/i><span style=\"font-weight: 400;\"> \u2013 Andrii M., przedsi\u0119biorca z Ukrainy.<\/span><\/p>\n<p><b>Zajrzyj do \u015brodka e-booka:<\/b><\/p>\n<p><span style=\"font-weight: 400;\">Zobacz wizualizacj\u0119 przyk\u0142adowych stron:<\/span><\/p>\n<ul>\n<li style=\"font-weight: 400;\" aria-level=\"1\"><span style=\"font-weight: 400;\">Fragment tabeli p\u0142ac minimalnych w Niemczech.<\/span><\/li>\n<li style=\"font-weight: 400;\" aria-level=\"1\"><span style=\"font-weight: 400;\">Przyk\u0142ad gotowego aneksu w polskiej i niemieckiej wersji j\u0119zykowej.<\/span><\/li>\n<li style=\"font-weight: 400;\" aria-level=\"1\"><span style=\"font-weight: 400;\">Checklist\u0119 krok\u00f3w do wykonania przed delegowaniem pracownika.<\/span><\/li>\n<\/ul>\n<p><img fetchpriority=\"high\" decoding=\"async\" class=\"alignnone wp-image-2930 size-full\" src=\"https:\/\/nykiel-kanzlei.de\/wp-content\/uploads\/2025\/01\/08a31025-c40f-4a8c-9f2a-00c8b0e0085b-1.jpeg\" alt=\"\" width=\"819\" height=\"1024\" srcset=\"https:\/\/nykiel-kanzlei.de\/wp-content\/uploads\/2025\/01\/08a31025-c40f-4a8c-9f2a-00c8b0e0085b-1.jpeg 819w, https:\/\/nykiel-kanzlei.de\/wp-content\/uploads\/2025\/01\/08a31025-c40f-4a8c-9f2a-00c8b0e0085b-1-240x300.jpeg 240w, https:\/\/nykiel-kanzlei.de\/wp-content\/uploads\/2025\/01\/08a31025-c40f-4a8c-9f2a-00c8b0e0085b-1-768x960.jpeg 768w, https:\/\/nykiel-kanzlei.de\/wp-content\/uploads\/2025\/01\/08a31025-c40f-4a8c-9f2a-00c8b0e0085b-1-600x750.jpeg 600w\" sizes=\"(max-width: 819px) 100vw, 819px\" \/><\/p>\n<p><b><span style=\"font-weight: 400;\">\u2705 <\/span>Liczba stron:<\/b> <b>ponad 50 stron praktycznej wiedzy i materia\u0142\u00f3w!<\/b><\/p>\n<p><b>Nie czekaj \u2013 zacznij dzia\u0142a\u0107 ju\u017c dzi\u015b!<\/b><\/p>\n<p><a href=\"#add-basket\"><b>KUP TERAZ <\/b><\/a><span style=\"font-weight: 400;\">\u00a0za 349 \u20ac brutto i zabezpiecz swoje dzia\u0142ania w Niemczech!<\/span><\/p>\n<p><b>To jedyny taki e-book na rynku.<\/b><b><br \/>\n<\/b><span style=\"font-weight: 400;\">Autork\u0105 jest <\/span><b>Aleksandra Nykiel<\/b><span style=\"font-weight: 400;\">, radca prawny (PL) i europejski adwokat (DE), kt\u00f3ra od lat pomaga przedsi\u0119biorcom unikn\u0105\u0107 b\u0142\u0119d\u00f3w w delegowaniu.<\/span><\/p>\n<p><b>Zadbaj o zgodno\u015b\u0107, bezpiecze\u0144stwo i efektywno\u015b\u0107 delegowania!\u00a0<\/b><\/p>\n<p>&nbsp;<\/p>\n","protected":false},"excerpt":{"rendered":"<p><span style=\"font-weight: 400;\">Twoje niezast\u0105pione \u017ar\u00f3d\u0142o wiedzy i narz\u0119dzi, kt\u00f3re pozwol\u0105 Ci delegowa\u0107 pracownik\u00f3w zgodnie z niemieckim prawem.<\/span><\/p>\n<p><b>Czy delegowanie pracownik\u00f3w do Niemiec jest wyzwaniem?<\/b><\/p>\n<p><span style=\"font-weight: 400;\">Je\u015bli tak, to nie jeste\u015b sam. Do mojego biura trafiaj\u0105 przedsi\u0119biorcy, kt\u00f3rzy:<\/span><span style=\"font-weight: 400;\"><br \/>\n<\/span><span style=\"font-weight: 400;\">\u274c Pope\u0142niaj\u0105 b\u0142\u0119dy formalne, skutkuj\u0105ce wysokimi karami podczas kontroli.<\/span><span style=\"font-weight: 400;\"><br \/>\n<\/span><span style=\"font-weight: 400;\">\u274c Nie wiedz\u0105, jak stworzy\u0107 poprawne dokumenty w polskiej i niemieckiej wersji j\u0119zykowej.<\/span><span style=\"font-weight: 400;\"><br \/>\n<\/span><span style=\"font-weight: 400;\">\u274c Zmagaj\u0105 si\u0119 z niejasnymi przepisami, zw\u0142aszcza w przypadku pracownik\u00f3w z kraj\u00f3w spoza UE.<\/span><\/p>\n<p><span style=\"font-weight: 400;\">Dlatego stworzy\u0142am <\/span><b>praktyczny przewodnik<\/b><span style=\"font-weight: 400;\">, aby raz na zawsze rozwia\u0107 w\u0105tpliwo\u015bci i pom\u00f3c Ci dzia\u0142a\u0107 zgodnie z przepisami, oszcz\u0119dzaj\u0105c Tw\u00f3j czas i pieni\u0105dze.<\/span><\/p>\n","protected":false},"featured_media":3248,"comment_status":"open","ping_status":"closed","template":"","meta":{"_acf_changed":false,"inline_featured_image":false,"site-sidebar-layout":"default","site-content-layout":"default","ast-site-content-layout":"default","site-content-style":"default","site-sidebar-style":"default","ast-global-header-display":"","ast-banner-title-visibility":"","ast-main-header-display":"","ast-hfb-above-header-display":"","ast-hfb-below-header-display":"","ast-hfb-mobile-header-display":"","site-post-title":"","ast-breadcrumbs-content":"","ast-featured-img":"","footer-sml-layout":"","theme-transparent-header-meta":"default","adv-header-id-meta":"","stick-header-meta":"default","header-above-stick-meta":"","header-main-stick-meta":"","header-below-stick-meta":"","astra-migrate-meta-layouts":"set","ast-page-background-enabled":"default","ast-page-background-meta":{"desktop":{"background-color":"","background-image":"","background-repeat":"repeat","background-position":"center center","background-size":"auto","background-attachment":"scroll","background-type":"","background-media":"","overlay-type":"","overlay-color":"","overlay-opacity":"","overlay-gradient":""},"tablet":{"background-color":"","background-image":"","background-repeat":"repeat","background-position":"center center","background-size":"auto","background-attachment":"scroll","background-type":"","background-media":"","overlay-type":"","overlay-color":"","overlay-opacity":"","overlay-gradient":""},"mobile":{"background-color":"","background-image":"","background-repeat":"repeat","background-position":"center center","background-size":"auto","background-attachment":"scroll","background-type":"","background-media":"","overlay-type":"","overlay-color":"","overlay-opacity":"","overlay-gradient":""}},"ast-content-background-meta":{"desktop":{"background-color":"var(--ast-global-color-5)","background-image":"","background-repeat":"repeat","background-position":"center center","background-size":"auto","background-attachment":"scroll","background-type":"","background-media":"","overlay-type":"","overlay-color":"","overlay-opacity":"","overlay-gradient":""},"tablet":{"background-color":"var(--ast-global-color-5)","background-image":"","background-repeat":"repeat","background-position":"center center","background-size":"auto","background-attachment":"scroll","background-type":"","background-media":"","overlay-type":"","overlay-color":"","overlay-opacity":"","overlay-gradient":""},"mobile":{"background-color":"var(--ast-global-color-5)","background-image":"","background-repeat":"repeat","background-position":"center center","background-size":"auto","background-attachment":"scroll","background-type":"","background-media":"","overlay-type":"","overlay-color":"","overlay-opacity":"","overlay-gradient":""}}},"product_brand":[],"product_cat":[97,99],"product_tag":[],"class_list":{"0":"post-2908","1":"product","2":"type-product","3":"status-publish","4":"has-post-thumbnail","6":"product_cat-e-book","7":"product_cat-wszystkie-produkty","8":"desktop-align-left","9":"tablet-align-left","10":"mobile-align-left","11":"ast-product-gallery-layout-horizontal-slider","12":"ast-product-tabs-layout-horizontal","14":"first","15":"instock","16":"sale","17":"featured","18":"downloadable","19":"virtual","20":"taxable","21":"purchasable","22":"product-type-simple"},"acf":[],"_links":{"self":[{"href":"https:\/\/nykiel-kanzlei.de\/en\/wp-json\/wp\/v2\/product\/2908","targetHints":{"allow":["GET"]}}],"collection":[{"href":"https:\/\/nykiel-kanzlei.de\/en\/wp-json\/wp\/v2\/product"}],"about":[{"href":"https:\/\/nykiel-kanzlei.de\/en\/wp-json\/wp\/v2\/types\/product"}],"replies":[{"embeddable":true,"href":"https:\/\/nykiel-kanzlei.de\/en\/wp-json\/wp\/v2\/comments?post=2908"}],"wp:featuredmedia":[{"embeddable":true,"href":"https:\/\/nykiel-kanzlei.de\/en\/wp-json\/wp\/v2\/media\/3248"}],"wp:attachment":[{"href":"https:\/\/nykiel-kanzlei.de\/en\/wp-json\/wp\/v2\/media?parent=2908"}],"wp:term":[{"taxonomy":"product_brand","embeddable":true,"href":"https:\/\/nykiel-kanzlei.de\/en\/wp-json\/wp\/v2\/product_brand?post=2908"},{"taxonomy":"product_cat","embeddable":true,"href":"https:\/\/nykiel-kanzlei.de\/en\/wp-json\/wp\/v2\/product_cat?post=2908"},{"taxonomy":"product_tag","embeddable":true,"href":"https:\/\/nykiel-kanzlei.de\/en\/wp-json\/wp\/v2\/product_tag?post=2908"}],"curies":[{"name":"wp","href":"https:\/\/api.w.org\/{rel}","templated":true}]}}